{"id":22,"date":"2016-03-02T18:58:58","date_gmt":"2016-03-02T17:58:58","guid":{"rendered":"http:\/\/nextcolours.be\/?page_id=22"},"modified":"2016-04-08T11:22:52","modified_gmt":"2016-04-08T10:22:52","slug":"nos-references","status":"publish","type":"page","link":"https:\/\/nextcolours.be\/nl\/nos-references\/","title":{"rendered":"Onze referenties"},"content":{"rendered":"Toyota Enghien, Gestiolex, fiduciaire m\u00e9dicale et associ\u00e9s, Syndic Dewilde, Build Tech, le Patio d&#8217;\u00e9t\u00e9, Amoruso Anna SPRL, Kiki-D, Clean Concept, LUMA Real Estate, Le Baradouz, Bertelsmann, Voyages Magalie, l&#8217;Echo du Moulin, fromagerie d&#8217;enghien, Joos Eco construct, Foyer Saint-Gillois, Belfius Evere &amp; VAG Security","protected":false},"excerpt":{"rendered":"<p>Toyota Enghien, Gestiolex, fiduciaire m\u00e9dicale et associ\u00e9s, Syndic Dewilde, Build Tech, le Patio d&#8217;\u00e9t\u00e9, Amoruso Anna SPRL, Kiki-D, Clean Concept, LUMA Real Estate, Le Baradouz, Bertelsmann, Voyages Magalie, l&#8217;Echo du Moulin, fromagerie d&#8217;enghien, Joos Eco construct, Foyer Saint-Gillois, Belfius Evere &amp; VAG Security<\/p>\n","protected":false},"author":2,"featured_media":0,"parent":0,"menu_order":0,"comment_status":"closed","ping_status":"closed","template":"","meta":{"footnotes":""},"class_list":["post-22","page","type-page","status-publish","hentry"],"_links":{"self":[{"href":"https:\/\/nextcolours.be\/nl\/wp-json\/wp\/v2\/pages\/22","targetHints":{"allow":["GET"]}}],"collection":[{"href":"https:\/\/nextcolours.be\/nl\/wp-json\/wp\/v2\/pages"}],"about":[{"href":"https:\/\/nextcolours.be\/nl\/wp-json\/wp\/v2\/types\/page"}],"author":[{"embeddable":true,"href":"https:\/\/nextcolours.be\/nl\/wp-json\/wp\/v2\/users\/2"}],"replies":[{"embeddable":true,"href":"https:\/\/nextcolours.be\/nl\/wp-json\/wp\/v2\/comments?post=22"}],"version-history":[{"count":2,"href":"https:\/\/nextcolours.be\/nl\/wp-json\/wp\/v2\/pages\/22\/revisions"}],"predecessor-version":[{"id":37,"href":"https:\/\/nextcolours.be\/nl\/wp-json\/wp\/v2\/pages\/22\/revisions\/37"}],"wp:attachment":[{"href":"https:\/\/nextcolours.be\/nl\/wp-json\/wp\/v2\/media?parent=22"}],"curies":[{"name":"wp","href":"https:\/\/api.w.org\/{rel}","templated":true}]}}